{"id":5,"date":"2014-10-08T09:48:29","date_gmt":"2014-10-08T08:48:29","guid":{"rendered":"http:\/\/www.lachenderwies.nl\/?page_id=5"},"modified":"2025-10-14T07:39:43","modified_gmt":"2025-10-14T06:39:43","slug":"thoes","status":"publish","type":"page","link":"https:\/\/www.lachenderwies.nl\/","title":{"rendered":"Thoes"},"content":{"rendered":"[vc_row parallax=&#8221;yes&#8221; fullwidth=&#8221;yes&#8221; bg_type=&#8221;bg_image&#8221; top_margin=&#8221;0&#8243; bottom_margin=&#8221;0&#8243; image_url=&#8221;3999&#8243;][vc_column width=&#8221;1\/6&#8243;][\/vc_column][vc_column width=&#8221;2\/3&#8243;][vc_empty_space][vc_custom_heading text=&#8221;LACHENDERWIES 2026&#8243; font_container=&#8221;tag:h1|text_align:center|color:%23ffffff&#8221;][vc_column_text]\n<h2 style=\"text-align: center;\"><span style=\"color: #ffffff;\">Ouch nao het 8 maol 11 juubeleijem geit het Vastelaoveslaeve geweun door. Veur het 16e jaor organiseren de Aadprinse van D\u2019n Uul op de plenk van de Oranjerie Lachenderwies. Op vriedaag 16 en zaoterdaag 17 jannewarie vindj dit vastelaovessjpektakel plaats. Gezjwanke Gardes oet K\u00f6lle en omgaeving, moelemaekers in de buut, eine kemieke poppesjpeler \u00e9n es aafsjloeter Frans Pollux samen mit de Band van Hub Boesten.<\/span><\/h2>\n[\/vc_column_text][vc_empty_space][vc_row_inner][vc_column_inner][vc_custom_heading text=&#8221;Koup noe dien kaertjes!&#8221; font_container=&#8221;tag:h2|text_align:center|color:%23ffffff&#8221;][\/vc_column_inner][\/vc_row_inner][vc_row_inner][vc_column_inner width=&#8221;1\/2&#8243;][vc_btn title=&#8221;Vriejdig 16 jan&#8221; style=&#8221;flat&#8221; color=&#8221;danger&#8221; size=&#8221;lg&#8221; align=&#8221;center&#8221; button_block=&#8221;true&#8221; link=&#8221;url:https%3A%2F%2Fapps.ticketmatic.com%2Fwidgets%2Ftheaterhotel_de_oranjerie%2Faddtickets%3Fevent%3D12311%26skinid%3D10004%26flow%3Dreturn%26returnurl%3Dhttps%253A%252F%252Fwww.theaterroermond.nl%252Fticketmatic%253Fevent%253D12311%26l%3Dnl%26accesskey%3Dca94b7b885326c32b2a66b38%26signature%3D4a0fa5de5b9ff4caca5182857920cf7e08277e05fcdeeb669bf5b2595dfd9e4c|target:_blank&#8221;][\/vc_column_inner][vc_column_inner width=&#8221;1\/2&#8243;][vc_btn title=&#8221;Zaoterdig 17 jan&#8221; style=&#8221;flat&#8221; color=&#8221;danger&#8221; size=&#8221;lg&#8221; align=&#8221;center&#8221; button_block=&#8221;true&#8221; link=&#8221;url:https%3A%2F%2Fapps.ticketmatic.com%2Fwidgets%2Ftheaterhotel_de_oranjerie%2Faddtickets%3Fevent%3D12312%26skinid%3D10004%26flow%3Dreturn%26returnurl%3Dhttps%253A%252F%252Fwww.theaterroermond.nl%252Fticketmatic%253Fevent%253D12312%26l%3Dnl%26accesskey%3Dca94b7b885326c32b2a66b38%26signature%3Db8ffb87ca4fe82e04d138d110a9c40da4423138a671c544ee6b2cf147cf0ac88|target:_blank&#8221;][\/vc_column_inner][\/vc_row_inner][vc_empty_space][\/vc_column][vc_column width=&#8221;1\/6&#8243;][\/vc_column][\/vc_row][vc_row fullwidth=&#8221;yes&#8221; fw_columns=&#8221;yes&#8221; top_margin=&#8221;0&#8243; bottom_margin=&#8221;0&#8243; css=&#8221;.vc_custom_1626356638033{background-color: #ffffff !important;}&#8221; background_color=&#8221;#ffffff&#8221; section_id=&#8221;pregram&#8221; section_title=&#8221;Pregram&#8221;][vc_column width=&#8221;1\/3&#8243;][vc_column_text]\n[\/vc_column_text][\/vc_column][vc_column width=&#8221;1\/3&#8243;][vc_empty_space][vc_column_text css=&#8221;.vc_custom_1759840475161{background-color: rgba(255,255,255,0.01) !important;*background-color: rgb(255,255,255) !important;}&#8221;]\n<h1 id=\"pregram\" style=\"text-align: center;\">2026 Pregram<\/h1>\n<p style=\"text-align: center;\">Vriejdaag 16 en zaoterdaag 17 jannewarie 2026 in de Oranjerie.<\/p>\n<p><strong>19.30 oer <\/strong>H\u00f6ppem\u00f6tzjer op vriedaag, Gr\u00fcn-Weisse Funken vom Zippchen op zaoterdaag<\/p>\n<p><strong>20.00 oer <\/strong>Lachenderwies-veteraan Berry Knapen<\/p>\n<p><strong>20.20 oer<\/strong> Kemieke Poppesjpeler Timmy Velraedts<\/p>\n<p><strong>20.30 oer<\/strong> Limburgs Kampioen 2025 Helga Cornelissen aansjloetend POOS<\/p>\n<p><strong>21.30 oer<\/strong> Henrie van Geneijgen derds in 2025<\/p>\n<p><strong>21.50 oer<\/strong> Fer Naus es Sjtukedoor<\/p>\n<p><strong>22.10 oer<\/strong> Frans Pollux, draeger van de Golje Mondjlier 8&#215;11, samen mit de Hub Boesten Bende[\/vc_column_text][vc_empty_space height=&#8221;50px&#8221;][\/vc_column][vc_column width=&#8221;1\/3&#8243;][vc_column_text]\n[\/vc_column_text][\/vc_column][\/vc_row][vc_row el_class=&#8221;#info&#8221;][vc_column]<div class=\"fw-section hb-fw-69e017f0027ab without-border no-overlay light-style\" style=\"background-image:url(https:\/\/www.lachenderwies.nl\/wp-content\/uploads\/2014\/10\/count-blok.jpg);padding-top:30px;padding-bottom:30px;\" id=\"info\"><div class=\"row fw-content-wrap\"><div class=\"col-12 nbm\"><span style=\"line-height: 1.5em;\"><div class=\"row clearfix\"><\/span><\/p>\n<div class=\"col-3 \">\n<div class=\"shortcode-wrapper shortcode-milestone-counter hb-animate-element hb-top-to-bottom\"><p class=\"aligncenter\"><i class=\"hb-moon-mic-5 hb-icon hb-icon-float-none\" style=\"color:#ffffff\"><\/i><\/p><div class=\"hb-counter\"><div class=\"count-number\" data-from=\"0\" data-to=\"2\" data-speed=\"1000\" style=\"color:#ffffff\"><\/div><div class=\"count-separator\"><span><\/span><\/div><h3 class=\"count-subject\" style=\"color:#ffffff\">Aovende<\/h3><\/div><\/div>\n<\/div>\n<div class=\"col-3 \">\n<div class=\"shortcode-wrapper shortcode-milestone-counter hb-animate-element hb-top-to-bottom\" data-delay=\"300\"><p class=\"aligncenter\"><i class=\"icon-group hb-icon hb-icon-float-none\" style=\"color:#ffffff\"><\/i><\/p><div class=\"hb-counter\"><div class=\"count-number\" data-from=\"0\" data-to=\"1600\" data-speed=\"1600\" style=\"color:#ffffff\"><\/div><div class=\"count-separator\"><span><\/span><\/div><h3 class=\"count-subject\" style=\"color:#ffffff\">Bezeukers<\/h3><\/div><\/div>\n<\/div>\n<div class=\"col-3 \">\n<div class=\"shortcode-wrapper shortcode-milestone-counter hb-animate-element hb-top-to-bottom\" data-delay=\"600\"><p class=\"aligncenter\"><i class=\"hb-moon-grin hb-icon hb-icon-float-none\" style=\"color:#ffffff\"><\/i><\/p><div class=\"hb-counter\"><div class=\"count-number\" data-from=\"0\" data-to=\"5\" data-speed=\"2400\" style=\"color:#ffffff\"><\/div><div class=\"count-separator\"><span><\/span><\/div><h3 class=\"count-subject\" style=\"color:#ffffff\">Buutereedners<\/h3><\/div><\/div>\n<\/div>\n<div class=\"col-3 \">\n<div class=\"shortcode-wrapper shortcode-milestone-counter hb-animate-element hb-top-to-bottom\" data-delay=\"900\"><p class=\"aligncenter\"><i class=\"hb-moon-accessibility hb-icon hb-icon-float-none\" style=\"color:#ffffff\"><\/i><\/p><div class=\"hb-counter\"><div class=\"count-number\" data-from=\"0\" data-to=\"2\" data-speed=\"3100\" style=\"color:#ffffff\"><\/div><div class=\"count-separator\"><span><\/span><\/div><h3 class=\"count-subject\" style=\"color:#ffffff\">Kolsche Dansgroepe<\/h3><\/div><\/div>\n<\/div>\n<\/div><\/div><\/div><div class=\"video-overlay no-overlay\"><\/div><\/div>[\/vc_column][\/vc_row][vc_row top_margin=&#8221;0&#8243; bottom_margin=&#8221;0&#8243; section_id=&#8221;kaarte&#8221; section_title=&#8221;Kaarte&#8221;][vc_column width=&#8221;1\/6&#8243;][vc_column_text]\n[\/vc_column_text][\/vc_column][vc_column width=&#8221;2\/3&#8243;][vc_empty_space height=&#8221;50px&#8221;][vc_column_text]\n<h1 id=\"kaarte\" style=\"text-align: center;\">Kaarte<\/h1>\n<p style=\"text-align: center;\"><em>Kaarte, Tickets, Karten, Tickets de Ingreso, Bileto, Enirejo, Bej\u00e1rat<\/em><\/p>\n<p style=\"text-align: center;\">Kaarte zeen \u2013 om \u2018t uch gemekkelik te make- te kriege vieja de site van de Oranjerie, klik op ongersjtaonde link. Kaarte zeen ouch aan de kassa van de Oranjerie te koup, of vieja de tillefoon 0475-391491.<br \/>\nDe ticketpries is \u20ac34,50 p.p., inclusief garderobe en pauzedrenkske!<\/p>\n[\/vc_column_text][vc_empty_space height=&#8221;25px&#8221;][vc_row_inner][vc_column_inner width=&#8221;1\/3&#8243;][\/vc_column_inner][vc_column_inner width=&#8221;1\/3&#8243;][vc_btn title=&#8221;KOUP HIEJ KAARTE&#8221; style=&#8221;flat&#8221; color=&#8221;danger&#8221; size=&#8221;lg&#8221; align=&#8221;center&#8221; button_block=&#8221;true&#8221; link=&#8221;url:https%3A%2F%2Fwww.theaterroermond.nl%2Fagenda%2Flachenderwies-19|target:_blank&#8221;][\/vc_column_inner][vc_column_inner width=&#8221;1\/3&#8243;][\/vc_column_inner][\/vc_row_inner][vc_separator][\/vc_column][vc_column width=&#8221;1\/6&#8243;][vc_column_text]\n[\/vc_column_text][\/vc_column][\/vc_row][vc_row top_margin=&#8221;0&#8243; bottom_margin=&#8221;0&#8243; section_id=&#8221;fotos&#8221; section_title=&#8221;Foto&#8217;s&#8221;][vc_column][vc_empty_space height=&#8221;30px&#8221;][vc_column_text]\n<h1 style=\"text-align: center;\">Foto&#8217;s Lachenderwies 2023<\/h1>\n[\/vc_column_text][vc_raw_html]JTNDY2VudGVyJTNFJTNDYSUyMGRhdGEtZmxpY2tyLWVtYmVkJTNEJTIydHJ1ZSUyMiUyMGhyZWYlM0QlMjJodHRwcyUzQSUyRiUyRnd3dy5mbGlja3IuY29tJTJGcGhvdG9zJTJGMTMwMTM2NjkzJTQwTjA3JTJGYWxidW1zJTJGNzIxNzc3MjAzMDU3MjIxNzglMjIlMjB0aXRsZSUzRCUyMkxhY2hlbmRlcndpZXMlMjAyMDIzJTIyJTNFJTNDaW1nJTIwc3JjJTNEJTIyaHR0cHMlM0ElMkYlMkZsaXZlLnN0YXRpY2ZsaWNrci5jb20lMkY2NTUzNSUyRjQ5Nzg4MTcyOTUxXzdlNjk2ODRiMzBfYy5qcGclMjIlMjB3aWR0aCUzRCUyMjgwMCUyMiUyMGhlaWdodCUzRCUyMjYwMCUyMiUyMGFsdCUzRCUyMkxhY2hlbmRlcndpZXMlMjAyMDIyJTIyJTNFJTNDJTJGYSUzRSUzQ3NjcmlwdCUyMGFzeW5jJTIwc3JjJTNEJTIyJTJGJTJGZW1iZWRyLmZsaWNrci5jb20lMkZhc3NldHMlMkZjbGllbnQtY29kZS5qcyUyMiUyMGNoYXJzZXQlM0QlMjJ1dGYtOCUyMiUzRSUzQyUyRnNjcmlwdCUzRSUzQyUyRmNlbnRlciUzRQ==[\/vc_raw_html][vc_column_text]Foto&#8217;s Lachenderwies 2022, <a href=\"https:\/\/www.flickr.com\/photos\/130136693@N07\/albums\/72177720302973046\" target=\"_blank\" rel=\"noopener\">klik hiej<\/a><br \/>\nFoto&#8217;s Lachenderwies 2020, <a href=\"https:\/\/www.flickr.com\/photos\/130136693@N07\/albums\/72157713939409022\" target=\"_blank\" rel=\"noopener\">klik hiej<\/a><br \/>\nFoto&#8217;s Lachenderwies 2019, <a href=\"https:\/\/www.flickr.com\/photos\/130136693@N07\/albums\/72157711439305243\">klik hiej<\/a><br \/>\nFoto&#8217;s Lachenderwies 2018, <a href=\"https:\/\/flic.kr\/s\/aHsmc1N529\">klik hiej<\/a><br \/>\nFoto&#8217;s Lachenderwies 2017, <a href=\"https:\/\/www.flickr.com\/photos\/130136693@N07\/albums\/72157675941728134\">klik hiej<\/a><br \/>\nFoto&#8217;s Lachenderwies 2016, <a href=\"https:\/\/www.flickr.com\/photos\/130136693@N07\/albums\/72157665046077650\">klik hiej<\/a><br \/>\nFoto&#8217;s Lachenderwies 2015,\u00a0<a href=\"https:\/\/www.flickr.com\/photos\/130136693@N07\/albums\/72157650913204100\" target=\"_blank\" rel=\"noopener noreferrer\">klik hiej<\/a>[\/vc_column_text][\/vc_column][\/vc_row][vc_row full_width=&#8221;stretch_row&#8221; parallax=&#8221;yes&#8221; fullwidth=&#8221;yes&#8221; bg_type=&#8221;bg_image&#8221; top_margin=&#8221;0&#8243; bottom_margin=&#8221;0&#8243; image_url=&#8221;3913&#8243; section_id=&#8221;ketak&#8221; section_title=&#8221;Ketak&#8221;][vc_column width=&#8221;1\/6&#8243;][\/vc_column][vc_column width=&#8221;2\/3&#8243;][vc_empty_space height=&#8221;75px&#8221;][vc_column_text]\n<h1 style=\"text-align: center;\"><span style=\"color: #ffffff;\">Ketak<\/span><\/h1>\n<p><span style=\"color: #ffffff;\">Vraoge of opmerkinge? Sjtuur os ein mailtje op <a style=\"color: #ffffff;\" href=\"mailto:info@lachenderwies.nl\">info@lachenderwies.nl<\/a><\/span>[\/vc_column_text][vc_empty_space height=&#8221;75px&#8221;][\/vc_column][vc_column width=&#8221;1\/6&#8243;][\/vc_column][\/vc_row]\n","protected":false},"excerpt":{"rendered":"<p>[vc_row parallax=&#8221;yes&#8221; fullwidth=&#8221;yes&#8221; bg_type=&#8221;bg_image&#8221; top_margin=&#8221;0&#8243; bottom_margin=&#8221;0&#8243; image_url=&#8221;3999&#8243;][vc_column width=&#8221;1\/6&#8243;][\/vc_column][vc_column width=&#8221;2\/3&#8243;][vc_empty_space][vc_custom_heading text=&#8221;LACHENDERWIES 2026&#8243; font_container=&#8221;tag:h1|text_align:center|color:%23ffffff&#8221;][vc_column_text] Ouch nao het 8 maol 11 juubeleijem geit het Vastelaoveslaeve geweun door. Veur het 16e jaor organiseren de Aadprinse van D\u2019n Uul op de plenk van de Oranjerie Lachenderwies. Op vriedaag 16 en zaoterdaag 17 jannewarie vindj dit vastelaovessjpektakel plaats. Gezjwanke Gardes oet [&hellip;]<\/p>\n","protected":false},"author":1,"featured_media":0,"parent":0,"menu_order":0,"comment_status":"open","ping_status":"open","template":"","meta":[],"_links":{"self":[{"href":"https:\/\/www.lachenderwies.nl\/index.php?rest_route=\/wp\/v2\/pages\/5"}],"collection":[{"href":"https:\/\/www.lachenderwies.nl\/index.php?rest_route=\/wp\/v2\/pages"}],"about":[{"href":"https:\/\/www.lachenderwies.nl\/index.php?rest_route=\/wp\/v2\/types\/page"}],"author":[{"embeddable":true,"href":"https:\/\/www.lachenderwies.nl\/index.php?rest_route=\/wp\/v2\/users\/1"}],"replies":[{"embeddable":true,"href":"https:\/\/www.lachenderwies.nl\/index.php?rest_route=%2Fwp%2Fv2%2Fcomments&post=5"}],"version-history":[{"count":194,"href":"https:\/\/www.lachenderwies.nl\/index.php?rest_route=\/wp\/v2\/pages\/5\/revisions"}],"predecessor-version":[{"id":4073,"href":"https:\/\/www.lachenderwies.nl\/index.php?rest_route=\/wp\/v2\/pages\/5\/revisions\/4073"}],"wp:attachment":[{"href":"https:\/\/www.lachenderwies.nl\/index.php?rest_route=%2Fwp%2Fv2%2Fmedia&parent=5"}],"curies":[{"name":"wp","href":"https:\/\/api.w.org\/{rel}","templated":true}]}}